{"id":5254,"date":"2023-04-19T11:45:40","date_gmt":"2023-04-19T11:45:40","guid":{"rendered":"http:\/\/bizunga.com.br\/bizungao\/?page_id=5254"},"modified":"2023-04-19T11:49:20","modified_gmt":"2023-04-19T11:49:20","slug":"termos-e-condicoes-de-uso","status":"publish","type":"page","link":"http:\/\/bizunga.com.br\/bizungao\/termos-e-condicoes-de-uso\/","title":{"rendered":"Termos e condi\u00e7\u00f5es de uso"},"content":{"rendered":"<p><b>TERMOS E CONDI\u00c7\u00d5ES DE USO DO WEBSITE<\/b><\/p>\n<p>O presente Instrumento regula os direitos e obriga\u00e7\u00f5es relacionados ao uso do website do <b>GRUPO BIZUNG\u00c3O, <\/b>com endere\u00e7o na Av. Donguinha Mercadante, n\u00ba 3400, Jardim Paineiras, na cidade de Avar\u00e9\/SP, CEP 18.705-650 e o <b>VISITANTE<\/b> nos termos a seguir dispostos:<\/p>\n<p><b>1. OBJETO<\/b><\/p>\n<p><b>1.1.<\/b> Estes \u201cTermos e Condi\u00e7\u00f5es de Uso\u201d visam regular a utiliza\u00e7\u00e3o do website pelo <b>VISITANTE<\/b>.<\/p>\n<p><b><i>1.1.1.<\/i><\/b> <b>VISITANTE<\/b> \u00e9 a pessoa f\u00edsica ou jur\u00eddica que acessa o website.<\/p>\n<p><b>2. ACEITA\u00c7\u00c3O<\/b><\/p>\n<p><b>2.1.<\/b> A aceita\u00e7\u00e3o destes \u201cTermos e Condi\u00e7\u00f5es de Uso\u201d pelo <b>VISITANTE<\/b> se dar\u00e1 no ato de acesso, navega\u00e7\u00e3o e envio de solicita\u00e7\u00e3o de contato no website.<span class=\"Apple-converted-space\">\u00a0<\/span><\/p>\n<p><b><i>2.1.1.<\/i><\/b> Caso n\u00e3o concorde com os presentes \u201cTermos e Condi\u00e7\u00f5es de Uso\u201d, recomendamos que voc\u00ea se abstenha de utilizar o website.<\/p>\n<p><b>2.2.<\/b>\u00a0No acesso, navega\u00e7\u00e3o, utiliza\u00e7\u00e3o, envio de solicita\u00e7\u00e3o ou qualquer outra a\u00e7\u00e3o executada atrav\u00e9s do website, aplicam-se as disposi\u00e7\u00f5es constantes nestes \u201cTermos e Condi\u00e7\u00f5es de Uso\u201d e na \u201cPol\u00edtica de Privacidade e Prote\u00e7\u00e3o de Dados\u201d, dispon\u00edvel<span class=\"Apple-converted-space\">\u00a0<\/span><a href=\"http:\/\/bizunga.com.br\/bizungao\/politica-de-privacidade\/\" target=\"_blank\" rel=\"noopener\">aqui<\/a>.<\/p>\n<p><b>3. CONDI\u00c7\u00d5ES GERAIS DE ACESSO E UTILIZA\u00c7\u00c3O DO WEBSITE<\/b><\/p>\n<p><b>3.1.<\/b> O mero acesso ao website <a href=\"http:\/\/www.bizunga.com.br\" target=\"_blank\" rel=\"noopener\">http:\/\/www.bizunga.com.br<\/a> \u00e9 livre e gratuito.<span class=\"Apple-converted-space\">\u00a0<\/span><\/p>\n<p><b>3.2.<\/b> O <b>VISITANTE<\/b> \u00e9 o \u00fanico respons\u00e1vel pelas informa\u00e7\u00f5es por ele fornecidas quando do envio de eventual solicita\u00e7\u00e3o ou contato por interm\u00e9dio do website, estando ciente de que o <b>GRUPO BIZUNG\u00c3O<\/b> n\u00e3o se responsabiliza por informa\u00e7\u00f5es incorretas ou inver\u00eddicas apresentadas pelo pr\u00f3prio <b>VISITANTE<\/b>, o qual ser\u00e1 respons\u00e1vel, tamb\u00e9m, por manter atualizadas todas as informa\u00e7\u00f5es pessoais e de contato fornecidas.<\/p>\n<p><b><i>3.2.1.<\/i><\/b> Caso o <b>VISITANTE<\/b> verifique que, por engano, alguma informa\u00e7\u00e3o foi fornecida incorretamente, dever\u00e1 solicitar sua corre\u00e7\u00e3o, altera\u00e7\u00e3o, exclus\u00e3o ou substitui\u00e7\u00e3o, visando a boa-f\u00e9 e possibilitando o atendimento de sua solicita\u00e7\u00e3o ou contato.<\/p>\n<p><b>3.3.<\/b> A funcionalidade do website depende da conjuga\u00e7\u00e3o simult\u00e2nea de diversos fatores, alguns alheios ao controle do <b>GRUPO BIZUNG\u00c3O<\/b>, tais como a intera\u00e7\u00e3o de servidores, servi\u00e7os de telecomunica\u00e7\u00f5es de terceiros, bem como a adequa\u00e7\u00e3o dos equipamentos do <b>VISITANTE<\/b>, competindo a este observar os requisitos m\u00ednimos para acesso, podendo ocorrer instabilidades.<\/p>\n<p><b>3.4.<\/b> O <b>VISITANTE<\/b> ser\u00e1 o \u00fanico respons\u00e1vel pelo uso que fizer do website, bem como por qualquer dado, conte\u00fado ou informa\u00e7\u00e3o que nele inserir.<\/p>\n<p><b>3.5.<\/b> Todo o conte\u00fado disponibilizado no website, como marcas, logotipos, v\u00eddeos, arquivos, textos, \u00edcones, desenhos, sons, layouts, algoritmos, entre outros, s\u00e3o de propriedade exclusiva do <b>GRUPO BIZUNG\u00c3O<\/b> ou de terceiros que concederam autoriza\u00e7\u00e3o para tal utiliza\u00e7\u00e3o e est\u00e3o protegidos pelas leis e tratados internacionais, sendo vedada sua c\u00f3pia, reprodu\u00e7\u00e3o, ou qualquer outro tipo de utiliza\u00e7\u00e3o, ficando os infratores sujeitos \u00e0s san\u00e7\u00f5es civis e criminais correspondentes, nos termos das Leis n\u00ba 9.279\/96, 9.610\/98 e 9.609\/98.<\/p>\n<p><b><i>3.5.1. <\/i><\/b>Todas as marcas, nomes comerciais ou logotipos de qualquer esp\u00e9cie disponibilizados no website s\u00e3o de propriedade do <b>GRUPO BIZUNG\u00c3O<\/b>, de forma que o acesso e a utiliza\u00e7\u00e3o do website pelo <b>VISITANTE<\/b> n\u00e3o poder\u00e3o ser entendidos como autoriza\u00e7\u00e3o para que este possa reproduzir tais marcas, nomes comerciais e\/ou logotipos.<\/p>\n<p>\u200b<b>3.6.<\/b> Em caso de d\u00favidas sobre a comercializa\u00e7\u00e3o ou disponibiliza\u00e7\u00e3o de servi\u00e7os do <b>GRUPO BIZUNG\u00c3O<\/b>, o <b>VISITANTE<\/b> dever\u00e1 entrar em contato com os respons\u00e1veis atrav\u00e9s do formul\u00e1rio dispon\u00edvel <a href=\"http:\/\/bizunga.com.br\/bizungao\/contato\/\">aqui<\/a>.<\/p>\n<p><b>4. EXCLUS\u00c3O DE GARANTIAS E RESPONSABILIDADES<\/b><\/p>\n<p><b>4.1.<\/b> O <b>GRUPO BIZUNG\u00c3O<\/b> utiliza as melhores pr\u00e1ticas recomendadas de mercado para manter seguros todos os dados inseridos em seu website.<\/p>\n<p><b><i>4.1.1.<\/i><\/b> O <b>GRUPO BIZUNG\u00c3O<\/b> se exime de responsabilidade por eventuais danos e preju\u00edzos de toda natureza que decorram do conhecimento que eventuais terceiros n\u00e3o autorizados tenham de quaisquer dados inseridos pelo <b>VISITANTE<\/b> no website, em decorr\u00eancia de falha exclusivamente atribu\u00edvel a ele ou a terceiros que fujam a qualquer controle razo\u00e1vel do <b>GRUPO BIZUNG\u00c3O<\/b>.<\/p>\n<p><b>4.2.<\/b> O <b>GRUPO BIZUNG\u00c3O<\/b> n\u00e3o garante a aus\u00eancia de softwares maliciosos quando da utiliza\u00e7\u00e3o de seu website, bem como outros elementos nocivos eventualmente existentes dentro do computador, smartphone e\/ou tablet do <b>VISITANTE<\/b> que possam produzir altera\u00e7\u00f5es nos sistemas inform\u00e1ticos (software e hardware) ou nos documentos eletr\u00f4nicos armazenados no sistema inform\u00e1tico, eximindo-se de qualquer responsabilidade pelos danos e preju\u00edzos que possam decorrer da presen\u00e7a de v\u00edrus ou de outros elementos nocivos.<\/p>\n<p><b>4.3.<\/b> O <b>GRUPO BIZUNG\u00c3O<\/b> poder\u00e1, sem anu\u00eancia ou concord\u00e2ncia do <b>VISITANTE<\/b>, realizar quaisquer altera\u00e7\u00f5es no website que julgar necess\u00e1rias para seu bom funcionamento, bem como relativas a seu design e apar\u00eancia, sem que qualquer valor ou indeniza\u00e7\u00e3o seja devida em raz\u00e3o disso.<\/p>\n<p><b>5. DOS COOKIES<\/b><\/p>\n<p><b>5.1. <\/b>Os Cookies s\u00e3o pequenos arquivos de dados que s\u00e3o instalados no seu computador, tablet ou dispositivo m\u00f3vel. O website do <b>GRUPO BIZUNG\u00c3O <\/b>\u00e9 gerenciado pela empresa<b> <\/b>Palma e Corulli Ag\u00eancia de Publicidade Ltda. (Mirai Comunica\u00e7\u00e3o), inscrita no CNPJ n\u00ba 11.821.290\/0001-50, prestadora de servi\u00e7o, sendo que<b> <\/b>referido website<b> n\u00e3o <\/b>coleta cookies.<\/p>\n<p><b>6. DISPOSI\u00c7\u00d5ES FINAIS<\/b><\/p>\n<p><b>6.1.<\/b> Os presentes \u201cTermos e Condi\u00e7\u00f5es de Uso\u201d ser\u00e3o regidos, interpretados e executados de acordo com as leis da Rep\u00fablica Federativa do Brasil, independentemente dos conflitos dessas leis com leis de outros estados ou pa\u00edses, sendo competente o Foro de Avar\u00e9\/SP, para dirimir qualquer d\u00favida decorrente deste Instrumento.<\/p>\n<p><b>6.2.<\/b> O <b>GRUPO BIZUNG\u00c3O<\/b> reserva-se ao direito de alterar os presentes \u201cTermos e Condi\u00e7\u00f5es de Uso\u201d a qualquer momento e sem a necessidade de comunica\u00e7\u00e3o pr\u00e9via, sendo que, nessa hip\u00f3tese, a nova vers\u00e3o revogar\u00e1 todas as anteriores.<\/p>\n<p><b>6.3.<\/b> Caso reste alguma d\u00favida ap\u00f3s a leitura destes \u201cTermos e Condi\u00e7\u00f5es de Uso\u201d, o <b>VISITANTE\/USU\u00c1RIO<\/b> dever\u00e1 entrar em contato com os respons\u00e1veis pelo <b>GRUPO BIZUNG\u00c3O<\/b>, atrav\u00e9s do e-mail <a href=\"mailto:david@bizunga.com.br\">david@bizunga.com.br<\/a>.<\/p>\n<p><b><i>6.3.1<\/i><\/b> Caso a d\u00favida do <b>VISITANTE\/USU\u00c1RIO<\/b> seja relacionada \u00e0 privacidade e prote\u00e7\u00e3o de dados pessoais, recomenda-se a leitura da \u201cPol\u00edtica de Privacidade e Prote\u00e7\u00e3o de Dados\u201d, dispon\u00edvel <a href=\"http:\/\/bizunga.com.br\/bizungao\/politica-de-privacidade\/\" target=\"_blank\" rel=\"noopener\">aqui<\/a>, e, caso n\u00e3o seja suficiente, que referido contato seja feito diretamente ao Encarregado de Dados Pessoais da empresa, atrav\u00e9s do e-mail\u00a0<a href=\"mailto:david@bizunga.com.br\">david@bizunga.com.br<\/a>.<\/p>\n<p><b>6.4. <\/b>Os presentes \u201cTermos e Condi\u00e7\u00f5es de Uso\u201d s\u00e3o v\u00e1lidos a partir de 19 de abril de 2023.<\/p>\n<p><b>GRUPO BIZUNG\u00c3O<\/b><\/p>\n","protected":false},"excerpt":{"rendered":"<p>TERMOS E CONDI\u00c7\u00d5ES DE USO DO WEBSITE O presente Instrumento regula os direitos e obriga\u00e7\u00f5es relacionados ao uso do website do GRUPO BIZUNG\u00c3O, com endere\u00e7o na Av. Donguinha Mercadante, n\u00ba 3400, Jardim Paineiras, na cidade de Avar\u00e9\/SP, CEP 18.705-650 e o VISITANTE nos termos a seguir dispostos: 1. OBJETO 1.1. Estes \u201cTermos e Condi\u00e7\u00f5es de&#8230;<\/p>\n","protected":false},"author":1,"featured_media":0,"parent":0,"menu_order":0,"comment_status":"closed","ping_status":"closed","template":"","meta":[],"_links":{"self":[{"href":"http:\/\/bizunga.com.br\/bizungao\/wp-json\/wp\/v2\/pages\/5254"}],"collection":[{"href":"http:\/\/bizunga.com.br\/bizungao\/wp-json\/wp\/v2\/pages"}],"about":[{"href":"http:\/\/bizunga.com.br\/bizungao\/wp-json\/wp\/v2\/types\/page"}],"author":[{"embeddable":true,"href":"http:\/\/bizunga.com.br\/bizungao\/wp-json\/wp\/v2\/users\/1"}],"replies":[{"embeddable":true,"href":"http:\/\/bizunga.com.br\/bizungao\/wp-json\/wp\/v2\/comments?post=5254"}],"version-history":[{"count":4,"href":"http:\/\/bizunga.com.br\/bizungao\/wp-json\/wp\/v2\/pages\/5254\/revisions"}],"predecessor-version":[{"id":5260,"href":"http:\/\/bizunga.com.br\/bizungao\/wp-json\/wp\/v2\/pages\/5254\/revisions\/5260"}],"wp:attachment":[{"href":"http:\/\/bizunga.com.br\/bizungao\/wp-json\/wp\/v2\/media?parent=5254"}],"curies":[{"name":"wp","href":"https:\/\/api.w.org\/{rel}","templated":true}]}}