{"id":4239,"date":"2015-12-18T15:26:57","date_gmt":"2015-12-18T15:26:57","guid":{"rendered":"http:\/\/bizunga.com.br\/bizungao\/?page_id=4239"},"modified":"2024-01-02T13:16:25","modified_gmt":"2024-01-02T13:16:25","slug":"junior-bizunga","status":"publish","type":"page","link":"http:\/\/bizunga.com.br\/bizungao\/junior-bizunga\/","title":{"rendered":"JUNIOR BIZUNGA"},"content":{"rendered":"<section class=\"l-section wpb_row height_medium\"><div class=\"l-section-h i-cf\"><div class=\"g-cols vc_row type_default valign_top\"><div class=\"vc_col-sm-8 wpb_column vc_column_container\"><div class=\"vc_column-inner\"><div class=\"wpb_wrapper\"><div class=\"w-image align_center animate_fade\"><div class=\"w-image-h\"><img width=\"561\" height=\"234\" src=\"http:\/\/bizunga.com.br\/bizungao\/wp-content\/uploads\/2024\/01\/junior-bizunga.png\" class=\"attachment-us_600_0 size-us_600_0\" alt=\"\" loading=\"lazy\" srcset=\"http:\/\/bizunga.com.br\/bizungao\/wp-content\/uploads\/2024\/01\/junior-bizunga.png 561w, http:\/\/bizunga.com.br\/bizungao\/wp-content\/uploads\/2024\/01\/junior-bizunga-300x125.png 300w\" sizes=\"(max-width: 561px) 100vw, 561px\" \/><\/div><\/div><div class=\"w-separator size_small with_line width_default thick_1 style_solid color_border align_center\"><div class=\"w-separator-h\"><\/div><\/div><div class=\"w-slider style_none fit_scaledown\"><div class=\"w-slider-h\"><div class=\"royalSlider\"><div class=\"rsContent\"><a class=\"rsImg\" data-rsw=\"847\" data-rsh=\"286\" href=\"http:\/\/bizunga.com.br\/bizungao\/wp-content\/uploads\/2015\/12\/017.jpg\"><span data-alt=\"\"><\/span><\/a><\/div><div class=\"rsContent\"><a class=\"rsImg\" data-rsw=\"847\" data-rsh=\"286\" href=\"http:\/\/bizunga.com.br\/bizungao\/wp-content\/uploads\/2015\/12\/027.jpg\"><span data-alt=\"\"><\/span><\/a><\/div><div class=\"rsContent\"><a class=\"rsImg\" data-rsw=\"847\" data-rsh=\"286\" href=\"http:\/\/bizunga.com.br\/bizungao\/wp-content\/uploads\/2015\/12\/035.jpg\"><span data-alt=\"\"><\/span><\/a><\/div><div class=\"rsContent\"><a class=\"rsImg\" data-rsw=\"847\" data-rsh=\"286\" href=\"http:\/\/bizunga.com.br\/bizungao\/wp-content\/uploads\/2015\/12\/043.jpg\"><span data-alt=\"\"><\/span><\/a><\/div><\/div><img src=\"http:\/\/bizunga.com.br\/bizungao\/wp-content\/uploads\/2015\/12\/017.jpg\" width=\"847\" height=\"286\" alt loading=\"lazy\"><\/div><div class=\"w-slider-json\" onclick='return {&quot;loop&quot;:true,&quot;fadeInLoadedSlide&quot;:false,&quot;slidesSpacing&quot;:0,&quot;imageScalePadding&quot;:0,&quot;numImagesToPreload&quot;:2,&quot;arrowsNav&quot;:true,&quot;arrowsNavAutoHide&quot;:false,&quot;transitionType&quot;:&quot;move&quot;,&quot;transitionSpeed&quot;:300,&quot;block&quot;:{&quot;moveEffect&quot;:&quot;none&quot;,&quot;speed&quot;:300},&quot;controlNavigation&quot;:&quot;none&quot;,&quot;autoplay&quot;:{&quot;enabled&quot;:true,&quot;pauseOnHover&quot;:true,&quot;delay&quot;:3000},&quot;imageScaleMode&quot;:&quot;fit-if-smaller&quot;,&quot;autoScaleSlider&quot;:true,&quot;autoScaleSliderWidth&quot;:847,&quot;autoScaleSliderHeight&quot;:286,&quot;fitInViewport&quot;:false}'><\/div><\/div><div class=\"w-separator size_small with_line width_default thick_1 style_solid color_border align_center\"><div class=\"w-separator-h\"><\/div><\/div><div class=\"wpb_text_column\" ><div class=\"wpb_wrapper\"><p style=\"text-align: justify;\">Ap\u00f3s quase 4 anos de trabalho, eis que, em abril de 2015, \u00e9 inaugurado o mais novo empreendimento do Grupo Bizung\u00e3o: O Auto Posto e Conveni\u00eancia Junior Bizunga.<\/p>\n<p style=\"text-align: justify;\">O\u00a0mais bonito da cidade, tamb\u00e9m chama a aten\u00e7\u00e3o pelos produtos e servi\u00e7os diferenciados, oferecidos com o melhor atendimento em um ambiente super aconchegante. Por\u00e7\u00f5es, salgados, festivais distintos de culin\u00e1rias de v\u00e1rios lugares do mundo, padaria e um almo\u00e7o executivo de dar \u00e1gua na boca garantem satisfa\u00e7\u00e3o total aos nossos clientes.<\/p>\n<p style=\"text-align: justify;\">Equipado com uma moderna loja de conveni\u00eancia, tamb\u00e9m oferece servi\u00e7os gerais para o seu carro, como troca de \u00f3leo, lavagem e abastecimento.<\/p>\n<p style=\"text-align: justify;\">Venha experimentar nossas del\u00edcias! \u00c9 a tradi\u00e7\u00e3o que voc\u00ea j\u00e1 conhece de um jeito diferente!<\/p>\n<\/div><\/div><div class=\"w-separator size_small with_line width_default thick_1 style_solid color_border align_center\"><div class=\"w-separator-h\"><\/div><\/div><div class=\"wpb_text_column\" ><div class=\"wpb_wrapper\"><div class=\"w-gallery cols_5 link_file with_indents\"><div class=\"w-gallery-list\"><a class=\"w-gallery-item order_1\" href=\"http:\/\/bizunga.com.br\/bizungao\/wp-content\/uploads\/2015\/12\/IMG_8347.jpg\" title=\"IMG_8347\"><div class=\"w-gallery-item-img\"><img width=\"350\" height=\"350\" src=\"http:\/\/bizunga.com.br\/bizungao\/wp-content\/uploads\/2015\/12\/IMG_8347-350x350.jpg\" class=\"attachment-us_350_350_crop size-us_350_350_crop\" alt=\"\" loading=\"lazy\" srcset=\"http:\/\/bizunga.com.br\/bizungao\/wp-content\/uploads\/2015\/12\/IMG_8347-350x350.jpg 350w, http:\/\/bizunga.com.br\/bizungao\/wp-content\/uploads\/2015\/12\/IMG_8347-150x150.jpg 150w, http:\/\/bizunga.com.br\/bizungao\/wp-content\/uploads\/2015\/12\/IMG_8347-600x600.jpg 600w\" sizes=\"(max-width: 350px) 100vw, 350px\" \/><\/div><\/a><a class=\"w-gallery-item order_2\" href=\"http:\/\/bizunga.com.br\/bizungao\/wp-content\/uploads\/2015\/12\/IMG_1535.jpg\" title=\"IMG_1535\"><div class=\"w-gallery-item-img\"><img width=\"350\" height=\"350\" src=\"http:\/\/bizunga.com.br\/bizungao\/wp-content\/uploads\/2015\/12\/IMG_1535-350x350.jpg\" class=\"attachment-us_350_350_crop size-us_350_350_crop\" alt=\"\" loading=\"lazy\" srcset=\"http:\/\/bizunga.com.br\/bizungao\/wp-content\/uploads\/2015\/12\/IMG_1535-350x350.jpg 350w, http:\/\/bizunga.com.br\/bizungao\/wp-content\/uploads\/2015\/12\/IMG_1535-150x150.jpg 150w, http:\/\/bizunga.com.br\/bizungao\/wp-content\/uploads\/2015\/12\/IMG_1535-600x600.jpg 600w\" sizes=\"(max-width: 350px) 100vw, 350px\" \/><\/div><\/a><a class=\"w-gallery-item order_3\" href=\"http:\/\/bizunga.com.br\/bizungao\/wp-content\/uploads\/2015\/12\/IMG_1551.jpg\" title=\"IMG_1551\"><div class=\"w-gallery-item-img\"><img width=\"350\" height=\"350\" src=\"http:\/\/bizunga.com.br\/bizungao\/wp-content\/uploads\/2015\/12\/IMG_1551-350x350.jpg\" class=\"attachment-us_350_350_crop size-us_350_350_crop\" alt=\"\" loading=\"lazy\" srcset=\"http:\/\/bizunga.com.br\/bizungao\/wp-content\/uploads\/2015\/12\/IMG_1551-350x350.jpg 350w, http:\/\/bizunga.com.br\/bizungao\/wp-content\/uploads\/2015\/12\/IMG_1551-150x150.jpg 150w, http:\/\/bizunga.com.br\/bizungao\/wp-content\/uploads\/2015\/12\/IMG_1551-600x600.jpg 600w\" sizes=\"(max-width: 350px) 100vw, 350px\" \/><\/div><\/a><a class=\"w-gallery-item order_4\" href=\"http:\/\/bizunga.com.br\/bizungao\/wp-content\/uploads\/2015\/12\/IMG_1552.jpg\" title=\"IMG_1552\"><div class=\"w-gallery-item-img\"><img width=\"350\" height=\"350\" src=\"http:\/\/bizunga.com.br\/bizungao\/wp-content\/uploads\/2015\/12\/IMG_1552-350x350.jpg\" class=\"attachment-us_350_350_crop size-us_350_350_crop\" alt=\"\" loading=\"lazy\" srcset=\"http:\/\/bizunga.com.br\/bizungao\/wp-content\/uploads\/2015\/12\/IMG_1552-350x350.jpg 350w, http:\/\/bizunga.com.br\/bizungao\/wp-content\/uploads\/2015\/12\/IMG_1552-150x150.jpg 150w, http:\/\/bizunga.com.br\/bizungao\/wp-content\/uploads\/2015\/12\/IMG_1552-600x600.jpg 600w\" sizes=\"(max-width: 350px) 100vw, 350px\" \/><\/div><\/a><a class=\"w-gallery-item order_5\" href=\"http:\/\/bizunga.com.br\/bizungao\/wp-content\/uploads\/2015\/12\/IMG_1562.jpg\" title=\"IMG_1562\"><div class=\"w-gallery-item-img\"><img width=\"350\" height=\"350\" src=\"http:\/\/bizunga.com.br\/bizungao\/wp-content\/uploads\/2015\/12\/IMG_1562-350x350.jpg\" class=\"attachment-us_350_350_crop size-us_350_350_crop\" alt=\"\" loading=\"lazy\" srcset=\"http:\/\/bizunga.com.br\/bizungao\/wp-content\/uploads\/2015\/12\/IMG_1562-350x350.jpg 350w, http:\/\/bizunga.com.br\/bizungao\/wp-content\/uploads\/2015\/12\/IMG_1562-150x150.jpg 150w, http:\/\/bizunga.com.br\/bizungao\/wp-content\/uploads\/2015\/12\/IMG_1562-600x600.jpg 600w\" sizes=\"(max-width: 350px) 100vw, 350px\" \/><\/div><\/a><a class=\"w-gallery-item order_6\" href=\"http:\/\/bizunga.com.br\/bizungao\/wp-content\/uploads\/2015\/12\/IMG_1568.jpg\" title=\"IMG_1568\"><div class=\"w-gallery-item-img\"><img width=\"350\" height=\"350\" src=\"http:\/\/bizunga.com.br\/bizungao\/wp-content\/uploads\/2015\/12\/IMG_1568-350x350.jpg\" class=\"attachment-us_350_350_crop size-us_350_350_crop\" alt=\"\" loading=\"lazy\" srcset=\"http:\/\/bizunga.com.br\/bizungao\/wp-content\/uploads\/2015\/12\/IMG_1568-350x350.jpg 350w, http:\/\/bizunga.com.br\/bizungao\/wp-content\/uploads\/2015\/12\/IMG_1568-150x150.jpg 150w, http:\/\/bizunga.com.br\/bizungao\/wp-content\/uploads\/2015\/12\/IMG_1568-600x600.jpg 600w\" sizes=\"(max-width: 350px) 100vw, 350px\" \/><\/div><\/a><a class=\"w-gallery-item order_7\" href=\"http:\/\/bizunga.com.br\/bizungao\/wp-content\/uploads\/2015\/12\/IMG_1590.jpg\" title=\"IMG_1590\"><div class=\"w-gallery-item-img\"><img width=\"350\" height=\"350\" src=\"http:\/\/bizunga.com.br\/bizungao\/wp-content\/uploads\/2015\/12\/IMG_1590-350x350.jpg\" class=\"attachment-us_350_350_crop size-us_350_350_crop\" alt=\"\" loading=\"lazy\" srcset=\"http:\/\/bizunga.com.br\/bizungao\/wp-content\/uploads\/2015\/12\/IMG_1590-350x350.jpg 350w, http:\/\/bizunga.com.br\/bizungao\/wp-content\/uploads\/2015\/12\/IMG_1590-150x150.jpg 150w, http:\/\/bizunga.com.br\/bizungao\/wp-content\/uploads\/2015\/12\/IMG_1590-600x600.jpg 600w\" sizes=\"(max-width: 350px) 100vw, 350px\" \/><\/div><\/a><a class=\"w-gallery-item order_8\" href=\"http:\/\/bizunga.com.br\/bizungao\/wp-content\/uploads\/2015\/12\/IMG_1592.jpg\" title=\"IMG_1592\"><div class=\"w-gallery-item-img\"><img width=\"350\" height=\"350\" src=\"http:\/\/bizunga.com.br\/bizungao\/wp-content\/uploads\/2015\/12\/IMG_1592-350x350.jpg\" class=\"attachment-us_350_350_crop size-us_350_350_crop\" alt=\"\" loading=\"lazy\" srcset=\"http:\/\/bizunga.com.br\/bizungao\/wp-content\/uploads\/2015\/12\/IMG_1592-350x350.jpg 350w, http:\/\/bizunga.com.br\/bizungao\/wp-content\/uploads\/2015\/12\/IMG_1592-150x150.jpg 150w, http:\/\/bizunga.com.br\/bizungao\/wp-content\/uploads\/2015\/12\/IMG_1592-600x600.jpg 600w\" sizes=\"(max-width: 350px) 100vw, 350px\" \/><\/div><\/a><a class=\"w-gallery-item order_9\" href=\"http:\/\/bizunga.com.br\/bizungao\/wp-content\/uploads\/2015\/12\/IMG_8315.jpg\" title=\"IMG_8315\"><div class=\"w-gallery-item-img\"><img width=\"350\" height=\"350\" src=\"http:\/\/bizunga.com.br\/bizungao\/wp-content\/uploads\/2015\/12\/IMG_8315-350x350.jpg\" class=\"attachment-us_350_350_crop size-us_350_350_crop\" alt=\"\" loading=\"lazy\" srcset=\"http:\/\/bizunga.com.br\/bizungao\/wp-content\/uploads\/2015\/12\/IMG_8315-350x350.jpg 350w, http:\/\/bizunga.com.br\/bizungao\/wp-content\/uploads\/2015\/12\/IMG_8315-150x150.jpg 150w, http:\/\/bizunga.com.br\/bizungao\/wp-content\/uploads\/2015\/12\/IMG_8315-600x600.jpg 600w\" sizes=\"(max-width: 350px) 100vw, 350px\" \/><\/div><\/a><a class=\"w-gallery-item order_10\" href=\"http:\/\/bizunga.com.br\/bizungao\/wp-content\/uploads\/2015\/12\/IMG_8319.jpg\" title=\"IMG_8319\"><div class=\"w-gallery-item-img\"><img width=\"350\" height=\"350\" src=\"http:\/\/bizunga.com.br\/bizungao\/wp-content\/uploads\/2015\/12\/IMG_8319-350x350.jpg\" class=\"attachment-us_350_350_crop size-us_350_350_crop\" alt=\"\" loading=\"lazy\" srcset=\"http:\/\/bizunga.com.br\/bizungao\/wp-content\/uploads\/2015\/12\/IMG_8319-350x350.jpg 350w, http:\/\/bizunga.com.br\/bizungao\/wp-content\/uploads\/2015\/12\/IMG_8319-150x150.jpg 150w, http:\/\/bizunga.com.br\/bizungao\/wp-content\/uploads\/2015\/12\/IMG_8319-600x600.jpg 600w\" sizes=\"(max-width: 350px) 100vw, 350px\" \/><\/div><\/a><a class=\"w-gallery-item order_11\" href=\"http:\/\/bizunga.com.br\/bizungao\/wp-content\/uploads\/2015\/12\/IMG_1501.jpg\" title=\"IMG_1501\"><div class=\"w-gallery-item-img\"><img width=\"350\" height=\"350\" src=\"http:\/\/bizunga.com.br\/bizungao\/wp-content\/uploads\/2015\/12\/IMG_1501-350x350.jpg\" class=\"attachment-us_350_350_crop size-us_350_350_crop\" alt=\"\" loading=\"lazy\" srcset=\"http:\/\/bizunga.com.br\/bizungao\/wp-content\/uploads\/2015\/12\/IMG_1501-350x350.jpg 350w, http:\/\/bizunga.com.br\/bizungao\/wp-content\/uploads\/2015\/12\/IMG_1501-150x150.jpg 150w, http:\/\/bizunga.com.br\/bizungao\/wp-content\/uploads\/2015\/12\/IMG_1501-600x600.jpg 600w\" sizes=\"(max-width: 350px) 100vw, 350px\" \/><\/div><\/a><a class=\"w-gallery-item order_12\" href=\"http:\/\/bizunga.com.br\/bizungao\/wp-content\/uploads\/2015\/12\/IMG_8323.jpg\" title=\"IMG_8323\"><div class=\"w-gallery-item-img\"><img width=\"350\" height=\"350\" src=\"http:\/\/bizunga.com.br\/bizungao\/wp-content\/uploads\/2015\/12\/IMG_8323-350x350.jpg\" class=\"attachment-us_350_350_crop size-us_350_350_crop\" alt=\"\" loading=\"lazy\" srcset=\"http:\/\/bizunga.com.br\/bizungao\/wp-content\/uploads\/2015\/12\/IMG_8323-350x350.jpg 350w, http:\/\/bizunga.com.br\/bizungao\/wp-content\/uploads\/2015\/12\/IMG_8323-150x150.jpg 150w, http:\/\/bizunga.com.br\/bizungao\/wp-content\/uploads\/2015\/12\/IMG_8323-600x600.jpg 600w\" sizes=\"(max-width: 350px) 100vw, 350px\" \/><\/div><\/a><a class=\"w-gallery-item order_13\" href=\"http:\/\/bizunga.com.br\/bizungao\/wp-content\/uploads\/2015\/12\/IMG_8328.jpg\" title=\"IMG_8328\"><div class=\"w-gallery-item-img\"><img width=\"350\" height=\"350\" src=\"http:\/\/bizunga.com.br\/bizungao\/wp-content\/uploads\/2015\/12\/IMG_8328-350x350.jpg\" class=\"attachment-us_350_350_crop size-us_350_350_crop\" alt=\"\" loading=\"lazy\" srcset=\"http:\/\/bizunga.com.br\/bizungao\/wp-content\/uploads\/2015\/12\/IMG_8328-350x350.jpg 350w, http:\/\/bizunga.com.br\/bizungao\/wp-content\/uploads\/2015\/12\/IMG_8328-150x150.jpg 150w, http:\/\/bizunga.com.br\/bizungao\/wp-content\/uploads\/2015\/12\/IMG_8328-600x600.jpg 600w\" sizes=\"(max-width: 350px) 100vw, 350px\" \/><\/div><\/a><a class=\"w-gallery-item order_14\" href=\"http:\/\/bizunga.com.br\/bizungao\/wp-content\/uploads\/2015\/12\/IMG_8331.jpg\" title=\"IMG_8331\"><div class=\"w-gallery-item-img\"><img width=\"350\" height=\"350\" src=\"http:\/\/bizunga.com.br\/bizungao\/wp-content\/uploads\/2015\/12\/IMG_8331-350x350.jpg\" class=\"attachment-us_350_350_crop size-us_350_350_crop\" alt=\"\" loading=\"lazy\" srcset=\"http:\/\/bizunga.com.br\/bizungao\/wp-content\/uploads\/2015\/12\/IMG_8331-350x350.jpg 350w, http:\/\/bizunga.com.br\/bizungao\/wp-content\/uploads\/2015\/12\/IMG_8331-150x150.jpg 150w, http:\/\/bizunga.com.br\/bizungao\/wp-content\/uploads\/2015\/12\/IMG_8331-600x600.jpg 600w\" sizes=\"(max-width: 350px) 100vw, 350px\" \/><\/div><\/a><a class=\"w-gallery-item order_15\" href=\"http:\/\/bizunga.com.br\/bizungao\/wp-content\/uploads\/2015\/12\/IMG_8339.jpg\" title=\"IMG_8339\"><div class=\"w-gallery-item-img\"><img width=\"350\" height=\"350\" src=\"http:\/\/bizunga.com.br\/bizungao\/wp-content\/uploads\/2015\/12\/IMG_8339-350x350.jpg\" class=\"attachment-us_350_350_crop size-us_350_350_crop\" alt=\"\" loading=\"lazy\" srcset=\"http:\/\/bizunga.com.br\/bizungao\/wp-content\/uploads\/2015\/12\/IMG_8339-350x350.jpg 350w, http:\/\/bizunga.com.br\/bizungao\/wp-content\/uploads\/2015\/12\/IMG_8339-150x150.jpg 150w, http:\/\/bizunga.com.br\/bizungao\/wp-content\/uploads\/2015\/12\/IMG_8339-600x600.jpg 600w\" sizes=\"(max-width: 350px) 100vw, 350px\" \/><\/div><\/a><a class=\"w-gallery-item order_16\" href=\"http:\/\/bizunga.com.br\/bizungao\/wp-content\/uploads\/2015\/12\/IMG_8380.jpg\" title=\"IMG_8380\"><div class=\"w-gallery-item-img\"><img width=\"350\" height=\"350\" src=\"http:\/\/bizunga.com.br\/bizungao\/wp-content\/uploads\/2015\/12\/IMG_8380-350x350.jpg\" class=\"attachment-us_350_350_crop size-us_350_350_crop\" alt=\"\" loading=\"lazy\" srcset=\"http:\/\/bizunga.com.br\/bizungao\/wp-content\/uploads\/2015\/12\/IMG_8380-350x350.jpg 350w, http:\/\/bizunga.com.br\/bizungao\/wp-content\/uploads\/2015\/12\/IMG_8380-150x150.jpg 150w, http:\/\/bizunga.com.br\/bizungao\/wp-content\/uploads\/2015\/12\/IMG_8380-600x600.jpg 600w\" sizes=\"(max-width: 350px) 100vw, 350px\" \/><\/div><\/a><a class=\"w-gallery-item order_17\" href=\"http:\/\/bizunga.com.br\/bizungao\/wp-content\/uploads\/2015\/12\/IMG_8383.jpg\" title=\"IMG_8383\"><div class=\"w-gallery-item-img\"><img width=\"350\" height=\"350\" src=\"http:\/\/bizunga.com.br\/bizungao\/wp-content\/uploads\/2015\/12\/IMG_8383-350x350.jpg\" class=\"attachment-us_350_350_crop size-us_350_350_crop\" alt=\"\" loading=\"lazy\" srcset=\"http:\/\/bizunga.com.br\/bizungao\/wp-content\/uploads\/2015\/12\/IMG_8383-350x350.jpg 350w, http:\/\/bizunga.com.br\/bizungao\/wp-content\/uploads\/2015\/12\/IMG_8383-150x150.jpg 150w, http:\/\/bizunga.com.br\/bizungao\/wp-content\/uploads\/2015\/12\/IMG_8383-600x600.jpg 600w\" sizes=\"(max-width: 350px) 100vw, 350px\" \/><\/div><\/a><\/div><\/div>\n<\/div><\/div><\/div><\/div><\/div><div class=\"vc_col-sm-4 wpb_column vc_column_container\"><div class=\"vc_column-inner\"><div class=\"wpb_wrapper\"><div class=\"w-contacts .l-main .w-contacts-item-value { display: inline-block; font-size: 14px; line-height: 16px; vertical-align: inherit; word-wrap: normal; }\"><div class=\"w-contacts-list\"><div class=\"w-contacts-item for_address\"><span class=\"w-contacts-item-value\">Av. Pref. Misael Eufr\u00e1sio Leal, 1100 CEP 18705.050 \u2013 Avar\u00e9 - SP<\/span><\/div><div class=\"w-contacts-item for_phone\"><span class=\"w-contacts-item-value\">(14) 3711.1606<\/span><\/div><div class=\"w-contacts-item for_email\"><span class=\"w-contacts-item-value\"><a href=\"mailto:jr@bizunga.com.br\">jr@bizunga.com.br<\/a><\/span><\/div><\/div><\/div><div class=\"w-separator us_custom_6df4bc3a size_small has_text_color with_line width_default thick_1 style_solid color_border align_center\"><div class=\"w-separator-h\"><\/div><\/div>[vc_wp_custommenu nav_menu=&#8221;37&#8243;]<\/div><\/div><\/div><\/div><\/div><\/section>\n","protected":false},"excerpt":{"rendered":"Ap\u00f3s quase 4 anos de trabalho, eis que, em abril de 2015, \u00e9 inaugurado o mais novo empreendimento do Grupo Bizung\u00e3o: O Auto Posto e Conveni\u00eancia Junior Bizunga. O\u00a0mais bonito da cidade, tamb\u00e9m chama a aten\u00e7\u00e3o pelos produtos e servi\u00e7os diferenciados, oferecidos com o melhor atendimento em um ambiente super aconchegante. Por\u00e7\u00f5es, salgados, festivais distintos...","protected":false},"author":1,"featured_media":0,"parent":0,"menu_order":0,"comment_status":"closed","ping_status":"closed","template":"","meta":[],"_links":{"self":[{"href":"http:\/\/bizunga.com.br\/bizungao\/wp-json\/wp\/v2\/pages\/4239"}],"collection":[{"href":"http:\/\/bizunga.com.br\/bizungao\/wp-json\/wp\/v2\/pages"}],"about":[{"href":"http:\/\/bizunga.com.br\/bizungao\/wp-json\/wp\/v2\/types\/page"}],"author":[{"embeddable":true,"href":"http:\/\/bizunga.com.br\/bizungao\/wp-json\/wp\/v2\/users\/1"}],"replies":[{"embeddable":true,"href":"http:\/\/bizunga.com.br\/bizungao\/wp-json\/wp\/v2\/comments?post=4239"}],"version-history":[{"count":16,"href":"http:\/\/bizunga.com.br\/bizungao\/wp-json\/wp\/v2\/pages\/4239\/revisions"}],"predecessor-version":[{"id":5318,"href":"http:\/\/bizunga.com.br\/bizungao\/wp-json\/wp\/v2\/pages\/4239\/revisions\/5318"}],"wp:attachment":[{"href":"http:\/\/bizunga.com.br\/bizungao\/wp-json\/wp\/v2\/media?parent=4239"}],"curies":[{"name":"wp","href":"https:\/\/api.w.org\/{rel}","templated":true}]}}